{"id":563,"date":"2023-10-13T20:00:47","date_gmt":"2023-10-13T20:00:47","guid":{"rendered":"https:\/\/lifeahead.world\/?page_id=563"},"modified":"2023-12-06T07:22:05","modified_gmt":"2023-12-06T07:22:05","slug":"conditions-d-utilisation-et-politique-de-confidentialite","status":"publish","type":"page","link":"https:\/\/lifeahead.world\/en\/conditions-d-utilisation-et-politique-de-confidentialite\/","title":{"rendered":"Conditions d&rsquo;utilisation et politique de confidentialit\u00e9"},"content":{"rendered":"<p>[et_pb_section fb_built=\u00a0\u00bb1&Prime; _builder_version=\u00a0\u00bb4.19.5&Prime; _module_preset=\u00a0\u00bbdefault\u00a0\u00bb global_colors_info=\u00a0\u00bb{}\u00a0\u00bb][et_pb_row _builder_version=\u00a0\u00bb4.19.5&Prime; _module_preset=\u00a0\u00bbdefault\u00a0\u00bb global_colors_info=\u00a0\u00bb{}\u00a0\u00bb][et_pb_column type=\u00a0\u00bb4_4&Prime; _builder_version=\u00a0\u00bb4.19.5&Prime; _module_preset=\u00a0\u00bbdefault\u00a0\u00bb global_colors_info=\u00a0\u00bb{}\u00a0\u00bb][et_pb_text _builder_version=\u00a0\u00bb4.19.5&Prime; _module_preset=\u00a0\u00bbdefault\u00a0\u00bb text_text_color=\u00a0\u00bb#000000&Prime; global_colors_info=\u00a0\u00bb{}\u00a0\u00bb]<\/p>\n<h2><strong>INTRODUCTION<\/strong><\/h2>\n<p>Bienvenue sur le site internet de LIFE AHEAD.<\/p>\n<p>Le pr\u00e9sent document traite de la politique internet de confidentialit\u00e9 de Life Ahead quant \u00e0 la protection des Informations personnelles. Cette politique s&rsquo;appuie sur les lois en vigueur au Canada, notamment la <em><u>Loi sur la protection des renseignements personnels et les documents \u00e9lectroniques<\/u><\/em>, la <a href=\"http:\/\/www.canlii.org\/fr\/ca\/legis\/lois\/lc-2000-c-5\/derniere\/lc-2000-c-5.html\"><em>Loi sur la protection des renseignements personnels dans le secteur priv\u00e9<\/em><\/a><em><u>\u00a0<\/u><\/em><em><u>(L.R.Q., chapitre\u00a0P-39.1)<\/u><\/em><u>\u00a0<\/u>ainsi que la <em><u>Loi modernisant des dispositions l\u00e9gislatives en mati\u00e8re de protection des renseignements personnels (L.Q., chapitre 25, 2021<\/u>)<\/em> dans la province de Qu\u00e9bec, o\u00f9 se trouve le Si\u00e8ge social de l\u2019entreprise.<\/p>\n<p>Plus particuli\u00e8rement, Life Ahead d\u00e9clare \u00eatre en conformit\u00e9 avec les obligations et exigences \u00e9dict\u00e9s en vertu de la nouvelle loi 25 relative \u00e0 la protection des renseignements personnels dans le secteur priv\u00e9 et avoir \u00e9tabli des politiques et des pratiques encadrant la gouvernance des renseignements personnels<\/p>\n<p>&nbsp;<\/p>\n<h2><strong>1.<\/strong>\u00a0<strong>G\u00c9N\u00c9RAL<\/strong><\/h2>\n<p>La protection de vos informations personnelles et des informations recueillies \u00e0 votre sujet sont importantes pour nous. Dans la pr\u00e9sente politique de confidentialit\u00e9 (la \u00abPolitique\u00bb), nous d\u00e9sirons vous renseigner sur les motifs pour lesquels nous recueillons de l\u2019information \u00e0 votre sujet et sur les fa\u00e7ons dont nous proc\u00e9dons \u00e0 cette collecte de donn\u00e9es (l\u2019Information), \u00e0 l\u2019entreposage de ces donn\u00e9es et \u00e0 l\u2019usage de l\u2019Information.<\/p>\n<p>&nbsp;<\/p>\n<h2><strong>2. CONSENTEMENT \u00c0 LA POLITIQUE<\/strong><\/h2>\n<p>En visualisant le \u00ab Site \u00bb, vous acceptez de vous soumettre \u00e0 la Politique. Nous nous r\u00e9servons, en tout temps et \u00e0 notre enti\u00e8re discr\u00e9tion et sans pr\u00e9avis, le droit de modifier la Politique. Par le fait, en continuant de visualiser le Site, vous manifestez votre consentement aux modifications apport\u00e9es \u00e0 la Politique et vous acceptez d&rsquo;\u00eatre li\u00e9s par cette derni\u00e8re telle qu\u2019amend\u00e9e. Nous vous recommandons de consulter r\u00e9guli\u00e8rement la Politique.<\/p>\n<p>&nbsp;<\/p>\n<h2><strong>3. AUTRES ENTENTES APPLICABLES<\/strong><\/h2>\n<p>L\u2019utilisation et l\u2019achat de produits sur le Site sont r\u00e9gis par des conditions d\u2019utilisation et des Modalit\u00e9s et Conditions de vente des Commer\u00e7ants \u00a0(les \u00abModalit\u00e9s et Conditions\u00bb).\u00a0En visualisant le \u00ab Site \u00bb, vous d\u00e9clarez avoir lu ces Modalit\u00e9s et Conditions et vous acceptez d\u2019\u00eatre li\u00e9s par elles. Si vous n&rsquo;acceptez pas ces termes, veuillez ne pas utiliser le Site.<\/p>\n<p>&nbsp;<\/p>\n<h2><strong>4. LES INFORMATIONS RECUEILLIES<\/strong><\/h2>\n<p>L\u2019Information recueillie \u00e0 votre sujet peut inclure, sans \u00eatre limit\u00e9e, votre nom, nom d\u2019entreprise, adresse postale, num\u00e9ro de t\u00e9l\u00e9phone, adresse courriel, num\u00e9ro de fax, \u00e2ge, cookies, adresses IP, adresse de facturation, num\u00e9ro de carte de cr\u00e9dit et date d\u2019expiration, etc.<\/p>\n<p>Nous recueillons \u00e9galement de l\u2019information sur votre usage du Site, notamment les dates et heures de vos visites, les pages visualis\u00e9es, les documents t\u00e9l\u00e9charg\u00e9s, le type de navigateur web que vous utilisez lors de votre visite et vos \u00e9changes \u00e9lectroniques avec nous (notamment par courriels et clavardage (chat)).<\/p>\n<p><strong>Comment utilisons-nous vos renseignements personnels ?<br \/><\/strong><br \/>Nous utilisons les informations de commande que nous recueillons g\u00e9n\u00e9ralement pour ex\u00e9cuter toute commande pass\u00e9e sur le Site (y compris le traitement de vos informations de paiement, l&rsquo;organisation de l&rsquo;exp\u00e9dition et la fourniture de factures et\/ou de confirmations de commande). De plus, nous utilisons ces informations de commande pour :<br \/>&#8211; Communiquer avec vous ;<br \/>&#8211; Examiner nos commandes afin de d\u00e9celer tout risque potentiel de fraude ou de \u00a0risque d&rsquo;abus ; et<br \/>&#8211; Lorsque cela correspond aux pr\u00e9f\u00e9rences que vous avez partag\u00e9es avec nous, vous fournir des informations ou de la publicit\u00e9 concernant nos produits ou services.<\/p>\n<p>Nous utilisons les informations sur les dispositifs que nous recueillons pour nous aider \u00e0 d\u00e9tecter les risques potentiels et la fraude (en particulier, votre adresse IP), et plus g\u00e9n\u00e9ralement pour am\u00e9liorer et optimiser notre Site (par exemple, en g\u00e9n\u00e9rant des analyses sur la fa\u00e7on dont nos clients naviguent et interagissent avec le Site, et pour \u00e9valuer le succ\u00e8s de nos campagnes marketing et publicitaires).<\/p>\n<p>&nbsp;<\/p>\n<h2><strong>5. ENTREPOSAGE ET PROTECTION DES RENSEIGNEMENTS<\/strong><\/h2>\n<p>Nous gardons l\u2019Information aussi longtemps que raisonnablement n\u00e9cessaire pour les fins d\u00e9crites dans la Politique ou si la loi nous l\u2019exige, pour une plus longue p\u00e9riode. Nous entreposons l\u2019Information sur des serveurs s\u00e9curis\u00e9s et prenons des mesures raisonnables pour prot\u00e9ger l\u2019Information contre tout usage ind\u00e9sirable, perte, modification ou divulgation. Nos employ\u00e9s et repr\u00e9sentants sont li\u00e9s par la Politique. Le contenu du Site est destin\u00e9 aux adultes ou \u00e0 des mineurs qui sont repr\u00e9sent\u00e9s pas des adultes selon le cas. Nous n\u2019effectuons sciemment aucune collecte d\u2019Information au sujet de mineurs.<\/p>\n<p>&nbsp;<\/p>\n<h2><strong>6. USAGE DE L\u2019INFORMATION<\/strong><\/h2>\n<p>Nous nous r\u00e9servons le droit d\u2019utiliser, de fa\u00e7on interne, l\u2019Information \u00e0 notre discr\u00e9tion, notamment pour traiter vos commandes et r\u00e9pondre \u00e0 vos questions, vous faire parvenir ou faire parvenir \u00e0 vos amis, aux membres de votre famille et \u00e0 vos coll\u00e8gues les produits que vous avez command\u00e9s pour eux, am\u00e9liorer notre service \u00e0 la client\u00e8le, notre gamme de produits, le r\u00e9sultat de nos ventes ou pour rester en contact avec vous afin de vous informer des promotions, offres sp\u00e9ciales, tirages, cadeaux promotionnels, rabais, infolettre, vid\u00e9os d\u2019inspiration, t\u00e9moignages et autres avantages pour lesquels vous avez volontairement fourni vos informations personnelles, vous fournir sur une base continue un service personnalis\u00e9 et de l\u2019information sur nos produits, nos services et notre entreprise; analyser l\u2019usage que vous faites du Site et la fa\u00e7on dont vous le consultez et administrer les ventes; effectuer la comptabilit\u00e9 et l\u2019administration; et noter les tendances et statistiques.<\/p>\n<p>&nbsp;<\/p>\n<h2><strong>7. PARTAGE DE L\u2019INFORMATION AVEC DES TIERS<\/strong><\/h2>\n<p>Si vous visitez ou achetez des produits sur le Site, participez \u00e0 un concours, sondage, promotion ou offre sp\u00e9ciale, nous pouvons partager l&rsquo;Information avec nos employ\u00e9s, repr\u00e9sentants, agents et partenaires, conform\u00e9ment \u00e0 la Politique. Les informations peuvent \u00eatre communiqu\u00e9es \u00e0 l\u2019ext\u00e9rieur du Canada. Sous aucune circonstance nous ne communiquons sciemment ni ne vendons l\u2019Information \u00e0 une tierce partie. Nous nous r\u00e9servons le droit de transmettre l\u2019Information \u00e0 une tierce partie pour transmettre l\u2019Information au transporteur d\u00e9sign\u00e9 pour la livraison de la marchandise ainsi qu\u2019\u00e0 des fins de pr\u00e9paration de d\u00e9clarations fiscales pour fins de taxes de vente. Nous pouvons r\u00e9v\u00e9ler l\u2019Information \u00e0 des annonceurs publicitaires pour des fins de marketing et de promotions. Lesdites informations transmises ne pourront cependant servir \u00e0 pouvoir vous identifier personnellement. Votre nom, courriel, num\u00e9ro de t\u00e9l\u00e9phone et adresse ne seront jamais sciemment divulgu\u00e9s \u00e0 des annonceurs publicitaires. Nous nous r\u00e9servons le droit de divulguer l\u2019Information conform\u00e9ment \u00e0 la loi, suite \u00e0 une demande obtenue l\u00e9galement et lorsque n\u00e9cessaire, afin de prot\u00e9ger notre propri\u00e9t\u00e9, nos int\u00e9r\u00eats et nos droits.<\/p>\n<p>&nbsp;<\/p>\n<h2><strong>8. D\u00c9SABONNEMENT DE MAT\u00c9RIEL PROMOTIONNEL<\/strong><\/h2>\n<p>Vous pouvez \u00e0 tout moment vous d\u00e9sabonner de notre infolettre en cliquant sur le lien \u00ab\u00a0d\u00e9sabonner\u00a0\u00bb qui figure au bas des courriels re\u00e7us.<\/p>\n<p>&nbsp;<\/p>\n<h2><strong>9. NOUS CONTACTER<\/strong><\/h2>\n<p>Pour de plus amples renseignements sur nos pratiques en mati\u00e8re de protection des renseignements personnels, si vous avez des questions ou si vous souhaitez d\u00e9poser une plainte, veuillez communiquer avec nous par courriel \u00e0 <a href=\"mailto:info@lifeahead.world\">info@lifeahead.world<\/a><\/p>\n<p>&nbsp;<\/p>\n<p>&nbsp;<\/p>\n<p>[\/et_pb_text][\/et_pb_column][\/et_pb_row][\/et_pb_section]<\/p>\n","protected":false},"excerpt":{"rendered":"<p>INTRODUCTION Bienvenue sur le site internet de LIFE AHEAD. Le pr\u00e9sent document traite de la politique internet de confidentialit\u00e9 de Life Ahead quant \u00e0 la protection des Informations personnelles. Cette politique s&rsquo;appuie sur les lois en vigueur au Canada, notamment la Loi sur la protection des renseignements personnels et les documents \u00e9lectroniques, la Loi sur [&hellip;]<\/p>\n","protected":false},"author":1,"featured_media":1008,"parent":0,"menu_order":0,"comment_status":"closed","ping_status":"closed","template":"","meta":{"_et_pb_use_builder":"on","_et_pb_old_content":"","_et_gb_content_width":"","footnotes":""},"class_list":["post-563","page","type-page","status-publish","has-post-thumbnail","hentry"],"yoast_head":"<!-- This site is optimized with the Yoast SEO plugin v27.5 - https:\/\/yoast.com\/product\/yoast-seo-wordpress\/ -->\n<title>Conditions d&#039;utilisation et politique de confidentialit\u00e9 - Life Ahead<\/title>\n<meta name=\"robots\" content=\"index, follow, max-snippet:-1, max-image-preview:large, max-video-preview:-1\" \/>\n<link rel=\"canonical\" href=\"https:\/\/lifeahead.world\/en\/conditions-d-utilisation-et-politique-de-confidentialite\/\" \/>\n<meta property=\"og:locale\" content=\"en_US\" \/>\n<meta property=\"og:type\" content=\"article\" \/>\n<meta property=\"og:title\" content=\"Conditions d&#039;utilisation et politique de confidentialit\u00e9 - Life Ahead\" \/>\n<meta property=\"og:description\" content=\"INTRODUCTION Bienvenue sur le site internet de LIFE AHEAD. Le pr\u00e9sent document traite de la politique internet de confidentialit\u00e9 de Life Ahead quant \u00e0 la protection des Informations personnelles. Cette politique s&#039;appuie sur les lois en vigueur au Canada, notamment la Loi sur la protection des renseignements personnels et les documents \u00e9lectroniques, la Loi sur [&hellip;]\" \/>\n<meta property=\"og:url\" content=\"https:\/\/lifeahead.world\/en\/conditions-d-utilisation-et-politique-de-confidentialite\/\" \/>\n<meta property=\"og:site_name\" content=\"Life Ahead\" \/>\n<meta property=\"article:modified_time\" content=\"2023-12-06T07:22:05+00:00\" \/>\n<meta property=\"og:image\" content=\"https:\/\/lifeahead.world\/wp-content\/uploads\/2023\/12\/LOGO-2500-x-1500-px-3.jpg\" \/>\n\t<meta property=\"og:image:width\" content=\"2500\" \/>\n\t<meta property=\"og:image:height\" content=\"1500\" \/>\n\t<meta property=\"og:image:type\" content=\"image\/jpeg\" \/>\n<meta name=\"twitter:card\" content=\"summary_large_image\" \/>\n<meta name=\"twitter:label1\" content=\"Est. reading time\" \/>\n\t<meta name=\"twitter:data1\" content=\"6 minutes\" \/>\n<script type=\"application\/ld+json\" class=\"yoast-schema-graph\">{\"@context\":\"https:\\\/\\\/schema.org\",\"@graph\":[{\"@type\":\"WebPage\",\"@id\":\"https:\\\/\\\/lifeahead.world\\\/conditions-d-utilisation-et-politique-de-confidentialite\\\/\",\"url\":\"https:\\\/\\\/lifeahead.world\\\/conditions-d-utilisation-et-politique-de-confidentialite\\\/\",\"name\":\"Conditions d'utilisation et politique de confidentialit\u00e9 - Life Ahead\",\"isPartOf\":{\"@id\":\"https:\\\/\\\/lifeahead.world\\\/#website\"},\"primaryImageOfPage\":{\"@id\":\"https:\\\/\\\/lifeahead.world\\\/conditions-d-utilisation-et-politique-de-confidentialite\\\/#primaryimage\"},\"image\":{\"@id\":\"https:\\\/\\\/lifeahead.world\\\/conditions-d-utilisation-et-politique-de-confidentialite\\\/#primaryimage\"},\"thumbnailUrl\":\"https:\\\/\\\/lifeahead.world\\\/wp-content\\\/uploads\\\/2023\\\/12\\\/LOGO-2500-x-1500-px-3.jpg\",\"datePublished\":\"2023-10-13T20:00:47+00:00\",\"dateModified\":\"2023-12-06T07:22:05+00:00\",\"breadcrumb\":{\"@id\":\"https:\\\/\\\/lifeahead.world\\\/conditions-d-utilisation-et-politique-de-confidentialite\\\/#breadcrumb\"},\"inLanguage\":\"en-CA\",\"potentialAction\":[{\"@type\":\"ReadAction\",\"target\":[\"https:\\\/\\\/lifeahead.world\\\/conditions-d-utilisation-et-politique-de-confidentialite\\\/\"]}]},{\"@type\":\"ImageObject\",\"inLanguage\":\"en-CA\",\"@id\":\"https:\\\/\\\/lifeahead.world\\\/conditions-d-utilisation-et-politique-de-confidentialite\\\/#primaryimage\",\"url\":\"https:\\\/\\\/lifeahead.world\\\/wp-content\\\/uploads\\\/2023\\\/12\\\/LOGO-2500-x-1500-px-3.jpg\",\"contentUrl\":\"https:\\\/\\\/lifeahead.world\\\/wp-content\\\/uploads\\\/2023\\\/12\\\/LOGO-2500-x-1500-px-3.jpg\",\"width\":2500,\"height\":1500},{\"@type\":\"BreadcrumbList\",\"@id\":\"https:\\\/\\\/lifeahead.world\\\/conditions-d-utilisation-et-politique-de-confidentialite\\\/#breadcrumb\",\"itemListElement\":[{\"@type\":\"ListItem\",\"position\":1,\"name\":\"Home\",\"item\":\"https:\\\/\\\/lifeahead.world\\\/\"},{\"@type\":\"ListItem\",\"position\":2,\"name\":\"Conditions d&#8217;utilisation et politique de confidentialit\u00e9\"}]},{\"@type\":\"WebSite\",\"@id\":\"https:\\\/\\\/lifeahead.world\\\/#website\",\"url\":\"https:\\\/\\\/lifeahead.world\\\/\",\"name\":\"Life Ahead\",\"description\":\"S\u2019\u00c9QUIPER, SE D\u00c9PASSER. DEVENIR SOI-M\u00caME.\",\"potentialAction\":[{\"@type\":\"SearchAction\",\"target\":{\"@type\":\"EntryPoint\",\"urlTemplate\":\"https:\\\/\\\/lifeahead.world\\\/?s={search_term_string}\"},\"query-input\":{\"@type\":\"PropertyValueSpecification\",\"valueRequired\":true,\"valueName\":\"search_term_string\"}}],\"inLanguage\":\"en-CA\"}]}<\/script>\n<!-- \/ Yoast SEO plugin. -->","yoast_head_json":{"title":"Conditions d'utilisation et politique de confidentialit\u00e9 - Life Ahead","robots":{"index":"index","follow":"follow","max-snippet":"max-snippet:-1","max-image-preview":"max-image-preview:large","max-video-preview":"max-video-preview:-1"},"canonical":"https:\/\/lifeahead.world\/en\/conditions-d-utilisation-et-politique-de-confidentialite\/","og_locale":"en_US","og_type":"article","og_title":"Conditions d'utilisation et politique de confidentialit\u00e9 - Life Ahead","og_description":"INTRODUCTION Bienvenue sur le site internet de LIFE AHEAD. Le pr\u00e9sent document traite de la politique internet de confidentialit\u00e9 de Life Ahead quant \u00e0 la protection des Informations personnelles. Cette politique s'appuie sur les lois en vigueur au Canada, notamment la Loi sur la protection des renseignements personnels et les documents \u00e9lectroniques, la Loi sur [&hellip;]","og_url":"https:\/\/lifeahead.world\/en\/conditions-d-utilisation-et-politique-de-confidentialite\/","og_site_name":"Life Ahead","article_modified_time":"2023-12-06T07:22:05+00:00","og_image":[{"width":2500,"height":1500,"url":"https:\/\/lifeahead.world\/wp-content\/uploads\/2023\/12\/LOGO-2500-x-1500-px-3.jpg","type":"image\/jpeg"}],"twitter_card":"summary_large_image","twitter_misc":{"Est. reading time":"6 minutes"},"schema":{"@context":"https:\/\/schema.org","@graph":[{"@type":"WebPage","@id":"https:\/\/lifeahead.world\/conditions-d-utilisation-et-politique-de-confidentialite\/","url":"https:\/\/lifeahead.world\/conditions-d-utilisation-et-politique-de-confidentialite\/","name":"Conditions d'utilisation et politique de confidentialit\u00e9 - Life Ahead","isPartOf":{"@id":"https:\/\/lifeahead.world\/#website"},"primaryImageOfPage":{"@id":"https:\/\/lifeahead.world\/conditions-d-utilisation-et-politique-de-confidentialite\/#primaryimage"},"image":{"@id":"https:\/\/lifeahead.world\/conditions-d-utilisation-et-politique-de-confidentialite\/#primaryimage"},"thumbnailUrl":"https:\/\/lifeahead.world\/wp-content\/uploads\/2023\/12\/LOGO-2500-x-1500-px-3.jpg","datePublished":"2023-10-13T20:00:47+00:00","dateModified":"2023-12-06T07:22:05+00:00","breadcrumb":{"@id":"https:\/\/lifeahead.world\/conditions-d-utilisation-et-politique-de-confidentialite\/#breadcrumb"},"inLanguage":"en-CA","potentialAction":[{"@type":"ReadAction","target":["https:\/\/lifeahead.world\/conditions-d-utilisation-et-politique-de-confidentialite\/"]}]},{"@type":"ImageObject","inLanguage":"en-CA","@id":"https:\/\/lifeahead.world\/conditions-d-utilisation-et-politique-de-confidentialite\/#primaryimage","url":"https:\/\/lifeahead.world\/wp-content\/uploads\/2023\/12\/LOGO-2500-x-1500-px-3.jpg","contentUrl":"https:\/\/lifeahead.world\/wp-content\/uploads\/2023\/12\/LOGO-2500-x-1500-px-3.jpg","width":2500,"height":1500},{"@type":"BreadcrumbList","@id":"https:\/\/lifeahead.world\/conditions-d-utilisation-et-politique-de-confidentialite\/#breadcrumb","itemListElement":[{"@type":"ListItem","position":1,"name":"Home","item":"https:\/\/lifeahead.world\/"},{"@type":"ListItem","position":2,"name":"Conditions d&#8217;utilisation et politique de confidentialit\u00e9"}]},{"@type":"WebSite","@id":"https:\/\/lifeahead.world\/#website","url":"https:\/\/lifeahead.world\/","name":"Life Ahead","description":"S\u2019\u00c9QUIPER, SE D\u00c9PASSER. DEVENIR SOI-M\u00caME.","potentialAction":[{"@type":"SearchAction","target":{"@type":"EntryPoint","urlTemplate":"https:\/\/lifeahead.world\/?s={search_term_string}"},"query-input":{"@type":"PropertyValueSpecification","valueRequired":true,"valueName":"search_term_string"}}],"inLanguage":"en-CA"}]}},"_links":{"self":[{"href":"https:\/\/lifeahead.world\/en\/wp-json\/wp\/v2\/pages\/563","targetHints":{"allow":["GET"]}}],"collection":[{"href":"https:\/\/lifeahead.world\/en\/wp-json\/wp\/v2\/pages"}],"about":[{"href":"https:\/\/lifeahead.world\/en\/wp-json\/wp\/v2\/types\/page"}],"author":[{"embeddable":true,"href":"https:\/\/lifeahead.world\/en\/wp-json\/wp\/v2\/users\/1"}],"replies":[{"embeddable":true,"href":"https:\/\/lifeahead.world\/en\/wp-json\/wp\/v2\/comments?post=563"}],"version-history":[{"count":5,"href":"https:\/\/lifeahead.world\/en\/wp-json\/wp\/v2\/pages\/563\/revisions"}],"predecessor-version":[{"id":832,"href":"https:\/\/lifeahead.world\/en\/wp-json\/wp\/v2\/pages\/563\/revisions\/832"}],"wp:featuredmedia":[{"embeddable":true,"href":"https:\/\/lifeahead.world\/en\/wp-json\/wp\/v2\/media\/1008"}],"wp:attachment":[{"href":"https:\/\/lifeahead.world\/en\/wp-json\/wp\/v2\/media?parent=563"}],"curies":[{"name":"wp","href":"https:\/\/api.w.org\/{rel}","templated":true}]}}