{"id":1179,"date":"2025-11-21T06:56:34","date_gmt":"2025-11-21T06:56:34","guid":{"rendered":"https:\/\/lifeahead.world\/?post_type=product&#038;p=1179"},"modified":"2025-11-21T07:33:44","modified_gmt":"2025-11-21T07:33:44","slug":"casquette-life-ahead-argile","status":"publish","type":"product","link":"https:\/\/lifeahead.world\/en\/product\/casquette-life-ahead-argile\/","title":{"rendered":"Casquette Life Ahead Argile"},"content":{"rendered":"<p>[et_pb_section fb_built=\u00a0\u00bb1&Prime; _builder_version=\u00a0\u00bb4.16&Prime; custom_padding=\u00a0\u00bb0px||||false|false\u00a0\u00bb global_colors_info=\u00a0\u00bb{}\u00a0\u00bb][et_pb_row _builder_version=\u00a0\u00bb4.16&Prime; background_size=\u00a0\u00bbinitial\u00a0\u00bb background_position=\u00a0\u00bbtop_left\u00a0\u00bb background_repeat=\u00a0\u00bbrepeat\u00a0\u00bb width=\u00a0\u00bb100%\u00a0\u00bb custom_padding=\u00a0\u00bb0px||0px||false|false\u00a0\u00bb global_colors_info=\u00a0\u00bb{}\u00a0\u00bb][et_pb_column type=\u00a0\u00bb4_4&Prime; _builder_version=\u00a0\u00bb4.16&Prime; custom_padding=\u00a0\u00bb|||\u00a0\u00bb global_colors_info=\u00a0\u00bb{}\u00a0\u00bb custom_padding__hover=\u00a0\u00bb|||\u00a0\u00bb][et_pb_wc_breadcrumb _builder_version=\u00a0\u00bb4.16&Prime; global_colors_info=\u00a0\u00bb{}\u00a0\u00bb][\/et_pb_wc_breadcrumb][et_pb_wc_cart_notice _builder_version=\u00a0\u00bb4.16&Prime; global_colors_info=\u00a0\u00bb{}\u00a0\u00bb][\/et_pb_wc_cart_notice][\/et_pb_column][\/et_pb_row][et_pb_row column_structure=\u00a0\u00bb1_2,1_2&Prime; _builder_version=\u00a0\u00bb4.16&Prime; background_size=\u00a0\u00bbinitial\u00a0\u00bb background_position=\u00a0\u00bbtop_left\u00a0\u00bb background_repeat=\u00a0\u00bbrepeat\u00a0\u00bb width=\u00a0\u00bb100%\u00a0\u00bb custom_padding=\u00a0\u00bb0px||||false|false\u00a0\u00bb global_colors_info=\u00a0\u00bb{}\u00a0\u00bb][et_pb_column type=\u00a0\u00bb1_2&Prime; _builder_version=\u00a0\u00bb4.16&Prime; custom_padding=\u00a0\u00bb|||\u00a0\u00bb global_colors_info=\u00a0\u00bb{}\u00a0\u00bb custom_padding__hover=\u00a0\u00bb|||\u00a0\u00bb][et_pb_wc_images _builder_version=\u00a0\u00bb4.19.5&Prime; global_colors_info=\u00a0\u00bb{}\u00a0\u00bb][\/et_pb_wc_images][\/et_pb_column][et_pb_column type=\u00a0\u00bb1_2&Prime; _builder_version=\u00a0\u00bb4.16&Prime; custom_padding=\u00a0\u00bb|||\u00a0\u00bb global_colors_info=\u00a0\u00bb{}\u00a0\u00bb custom_padding__hover=\u00a0\u00bb|||\u00a0\u00bb][et_pb_wc_title _builder_version=\u00a0\u00bb4.27.4&Prime; global_colors_info=\u00a0\u00bb{}\u00a0\u00bb][\/et_pb_wc_title][et_pb_wc_rating _builder_version=\u00a0\u00bb4.16&Prime; global_colors_info=\u00a0\u00bb{}\u00a0\u00bb][\/et_pb_wc_rating][et_pb_wc_price _builder_version=\u00a0\u00bb4.16&Prime; global_colors_info=\u00a0\u00bb{}\u00a0\u00bb][\/et_pb_wc_price][et_pb_wc_description _builder_version=\u00a0\u00bb4.19.5&Prime; body_text_color=\u00a0\u00bb#000000&Prime; global_colors_info=\u00a0\u00bb{}\u00a0\u00bb][\/et_pb_wc_description][et_pb_wc_add_to_cart _builder_version=\u00a0\u00bb4.16&Prime; global_colors_info=\u00a0\u00bb{}\u00a0\u00bb][\/et_pb_wc_add_to_cart][\/et_pb_column][\/et_pb_row][\/et_pb_section]<\/p>\n","protected":false},"excerpt":{"rendered":"<div class=\"woocommerce-product-details__short-description\">\n<div dir=\"ltr\">\n<div dir=\"ltr\">\n<p>Casquette contour cotton bross\u00e9, unisexe, ajustable velcro, Broderie OR.<\/p>\n<div><\/div>\n<\/div>\n<\/div>\n<\/div>","protected":false},"featured_media":1127,"comment_status":"closed","ping_status":"closed","template":"","meta":{"_et_pb_use_builder":"on","_et_pb_old_content":"","_et_gb_content_width":""},"product_brand":[],"product_cat":[23,15],"product_tag":[],"class_list":{"0":"post-1179","1":"product","2":"type-product","3":"status-publish","4":"has-post-thumbnail","6":"product_cat-casquettes","7":"product_cat-uncategorized","9":"first","10":"instock","11":"taxable","12":"shipping-taxable","13":"purchasable","14":"product-type-simple"},"yoast_head":"<!-- This site is optimized with the Yoast SEO plugin v27.5 - https:\/\/yoast.com\/product\/yoast-seo-wordpress\/ -->\n<title>Casquette Life Ahead Argile - Life Ahead<\/title>\n<meta name=\"robots\" content=\"index, follow, max-snippet:-1, max-image-preview:large, max-video-preview:-1\" \/>\n<link rel=\"canonical\" href=\"https:\/\/lifeahead.world\/en\/product\/casquette-life-ahead-argile\/\" \/>\n<meta property=\"og:locale\" content=\"en_US\" \/>\n<meta property=\"og:type\" content=\"article\" \/>\n<meta property=\"og:title\" content=\"Casquette Life Ahead Argile - Life Ahead\" \/>\n<meta property=\"og:description\" content=\"Casquette contour cotton bross\u00e9, unisexe, ajustable velcro, Broderie OR.\" \/>\n<meta property=\"og:url\" content=\"https:\/\/lifeahead.world\/en\/product\/casquette-life-ahead-argile\/\" \/>\n<meta property=\"og:site_name\" content=\"Life Ahead\" \/>\n<meta property=\"article:modified_time\" content=\"2025-11-21T07:33:44+00:00\" \/>\n<meta property=\"og:image\" content=\"https:\/\/lifeahead.world\/wp-content\/uploads\/2025\/11\/152.jpg\" \/>\n\t<meta property=\"og:image:width\" content=\"2754\" \/>\n\t<meta property=\"og:image:height\" content=\"2418\" \/>\n\t<meta property=\"og:image:type\" content=\"image\/jpeg\" \/>\n<meta name=\"twitter:card\" content=\"summary_large_image\" \/>\n<meta name=\"twitter:label1\" content=\"Est. reading time\" \/>\n\t<meta name=\"twitter:data1\" content=\"1 minute\" \/>\n<script type=\"application\/ld+json\" class=\"yoast-schema-graph\">{\"@context\":\"https:\\\/\\\/schema.org\",\"@graph\":[{\"@type\":\"WebPage\",\"@id\":\"https:\\\/\\\/lifeahead.world\\\/product\\\/casquette-life-ahead-argile\\\/\",\"url\":\"https:\\\/\\\/lifeahead.world\\\/product\\\/casquette-life-ahead-argile\\\/\",\"name\":\"Casquette Life Ahead Argile - Life Ahead\",\"isPartOf\":{\"@id\":\"https:\\\/\\\/lifeahead.world\\\/#website\"},\"primaryImageOfPage\":{\"@id\":\"https:\\\/\\\/lifeahead.world\\\/product\\\/casquette-life-ahead-argile\\\/#primaryimage\"},\"image\":{\"@id\":\"https:\\\/\\\/lifeahead.world\\\/product\\\/casquette-life-ahead-argile\\\/#primaryimage\"},\"thumbnailUrl\":\"https:\\\/\\\/lifeahead.world\\\/wp-content\\\/uploads\\\/2025\\\/11\\\/152.jpg\",\"datePublished\":\"2025-11-21T06:56:34+00:00\",\"dateModified\":\"2025-11-21T07:33:44+00:00\",\"breadcrumb\":{\"@id\":\"https:\\\/\\\/lifeahead.world\\\/product\\\/casquette-life-ahead-argile\\\/#breadcrumb\"},\"inLanguage\":\"en-CA\",\"potentialAction\":[{\"@type\":\"ReadAction\",\"target\":[\"https:\\\/\\\/lifeahead.world\\\/product\\\/casquette-life-ahead-argile\\\/\"]}]},{\"@type\":\"ImageObject\",\"inLanguage\":\"en-CA\",\"@id\":\"https:\\\/\\\/lifeahead.world\\\/product\\\/casquette-life-ahead-argile\\\/#primaryimage\",\"url\":\"https:\\\/\\\/lifeahead.world\\\/wp-content\\\/uploads\\\/2025\\\/11\\\/152.jpg\",\"contentUrl\":\"https:\\\/\\\/lifeahead.world\\\/wp-content\\\/uploads\\\/2025\\\/11\\\/152.jpg\",\"width\":2754,\"height\":2418},{\"@type\":\"BreadcrumbList\",\"@id\":\"https:\\\/\\\/lifeahead.world\\\/product\\\/casquette-life-ahead-argile\\\/#breadcrumb\",\"itemListElement\":[{\"@type\":\"ListItem\",\"position\":1,\"name\":\"Home\",\"item\":\"https:\\\/\\\/lifeahead.world\\\/\"},{\"@type\":\"ListItem\",\"position\":2,\"name\":\"Boutique\",\"item\":\"https:\\\/\\\/lifeahead.world\\\/boutique\\\/\"},{\"@type\":\"ListItem\",\"position\":3,\"name\":\"Casquette Life Ahead Argile\"}]},{\"@type\":\"WebSite\",\"@id\":\"https:\\\/\\\/lifeahead.world\\\/#website\",\"url\":\"https:\\\/\\\/lifeahead.world\\\/\",\"name\":\"Life Ahead\",\"description\":\"S\u2019\u00c9QUIPER, SE D\u00c9PASSER. DEVENIR SOI-M\u00caME.\",\"potentialAction\":[{\"@type\":\"SearchAction\",\"target\":{\"@type\":\"EntryPoint\",\"urlTemplate\":\"https:\\\/\\\/lifeahead.world\\\/?s={search_term_string}\"},\"query-input\":{\"@type\":\"PropertyValueSpecification\",\"valueRequired\":true,\"valueName\":\"search_term_string\"}}],\"inLanguage\":\"en-CA\"}]}<\/script>\n<!-- \/ Yoast SEO plugin. -->","yoast_head_json":{"title":"Casquette Life Ahead Argile - Life Ahead","robots":{"index":"index","follow":"follow","max-snippet":"max-snippet:-1","max-image-preview":"max-image-preview:large","max-video-preview":"max-video-preview:-1"},"canonical":"https:\/\/lifeahead.world\/en\/product\/casquette-life-ahead-argile\/","og_locale":"en_US","og_type":"article","og_title":"Casquette Life Ahead Argile - Life Ahead","og_description":"Casquette contour cotton bross\u00e9, unisexe, ajustable velcro, Broderie OR.","og_url":"https:\/\/lifeahead.world\/en\/product\/casquette-life-ahead-argile\/","og_site_name":"Life Ahead","article_modified_time":"2025-11-21T07:33:44+00:00","og_image":[{"width":2754,"height":2418,"url":"https:\/\/lifeahead.world\/wp-content\/uploads\/2025\/11\/152.jpg","type":"image\/jpeg"}],"twitter_card":"summary_large_image","twitter_misc":{"Est. reading time":"1 minute"},"schema":{"@context":"https:\/\/schema.org","@graph":[{"@type":"WebPage","@id":"https:\/\/lifeahead.world\/product\/casquette-life-ahead-argile\/","url":"https:\/\/lifeahead.world\/product\/casquette-life-ahead-argile\/","name":"Casquette Life Ahead Argile - Life Ahead","isPartOf":{"@id":"https:\/\/lifeahead.world\/#website"},"primaryImageOfPage":{"@id":"https:\/\/lifeahead.world\/product\/casquette-life-ahead-argile\/#primaryimage"},"image":{"@id":"https:\/\/lifeahead.world\/product\/casquette-life-ahead-argile\/#primaryimage"},"thumbnailUrl":"https:\/\/lifeahead.world\/wp-content\/uploads\/2025\/11\/152.jpg","datePublished":"2025-11-21T06:56:34+00:00","dateModified":"2025-11-21T07:33:44+00:00","breadcrumb":{"@id":"https:\/\/lifeahead.world\/product\/casquette-life-ahead-argile\/#breadcrumb"},"inLanguage":"en-CA","potentialAction":[{"@type":"ReadAction","target":["https:\/\/lifeahead.world\/product\/casquette-life-ahead-argile\/"]}]},{"@type":"ImageObject","inLanguage":"en-CA","@id":"https:\/\/lifeahead.world\/product\/casquette-life-ahead-argile\/#primaryimage","url":"https:\/\/lifeahead.world\/wp-content\/uploads\/2025\/11\/152.jpg","contentUrl":"https:\/\/lifeahead.world\/wp-content\/uploads\/2025\/11\/152.jpg","width":2754,"height":2418},{"@type":"BreadcrumbList","@id":"https:\/\/lifeahead.world\/product\/casquette-life-ahead-argile\/#breadcrumb","itemListElement":[{"@type":"ListItem","position":1,"name":"Home","item":"https:\/\/lifeahead.world\/"},{"@type":"ListItem","position":2,"name":"Boutique","item":"https:\/\/lifeahead.world\/boutique\/"},{"@type":"ListItem","position":3,"name":"Casquette Life Ahead Argile"}]},{"@type":"WebSite","@id":"https:\/\/lifeahead.world\/#website","url":"https:\/\/lifeahead.world\/","name":"Life Ahead","description":"S\u2019\u00c9QUIPER, SE D\u00c9PASSER. DEVENIR SOI-M\u00caME.","potentialAction":[{"@type":"SearchAction","target":{"@type":"EntryPoint","urlTemplate":"https:\/\/lifeahead.world\/?s={search_term_string}"},"query-input":{"@type":"PropertyValueSpecification","valueRequired":true,"valueName":"search_term_string"}}],"inLanguage":"en-CA"}]}},"_links":{"self":[{"href":"https:\/\/lifeahead.world\/en\/wp-json\/wp\/v2\/product\/1179","targetHints":{"allow":["GET"]}}],"collection":[{"href":"https:\/\/lifeahead.world\/en\/wp-json\/wp\/v2\/product"}],"about":[{"href":"https:\/\/lifeahead.world\/en\/wp-json\/wp\/v2\/types\/product"}],"replies":[{"embeddable":true,"href":"https:\/\/lifeahead.world\/en\/wp-json\/wp\/v2\/comments?post=1179"}],"wp:featuredmedia":[{"embeddable":true,"href":"https:\/\/lifeahead.world\/en\/wp-json\/wp\/v2\/media\/1127"}],"wp:attachment":[{"href":"https:\/\/lifeahead.world\/en\/wp-json\/wp\/v2\/media?parent=1179"}],"wp:term":[{"taxonomy":"product_brand","embeddable":true,"href":"https:\/\/lifeahead.world\/en\/wp-json\/wp\/v2\/product_brand?post=1179"},{"taxonomy":"product_cat","embeddable":true,"href":"https:\/\/lifeahead.world\/en\/wp-json\/wp\/v2\/product_cat?post=1179"},{"taxonomy":"product_tag","embeddable":true,"href":"https:\/\/lifeahead.world\/en\/wp-json\/wp\/v2\/product_tag?post=1179"}],"curies":[{"name":"wp","href":"https:\/\/api.w.org\/{rel}","templated":true}]}}