{"id":706,"date":"2023-10-19T19:13:14","date_gmt":"2023-10-19T19:13:14","guid":{"rendered":"https:\/\/lifeahead.world\/?post_type=product&#038;p=706"},"modified":"2025-11-14T14:50:33","modified_gmt":"2025-11-14T14:50:33","slug":"t-shirt-homme-manche-noire","status":"publish","type":"product","link":"https:\/\/lifeahead.world\/en\/product\/t-shirt-homme-manche-noire\/","title":{"rendered":"MEN\u2019S T-SHIRT BLACK SLEEVE"},"content":{"rendered":"<p>[et_pb_section fb_built=\u00a0\u00bb1&Prime; _builder_version=\u00a0\u00bb4.16&Prime; custom_padding=\u00a0\u00bb0px||||false|false\u00a0\u00bb global_colors_info=\u00a0\u00bb{}\u00a0\u00bb][et_pb_row _builder_version=\u00a0\u00bb4.16&Prime; background_size=\u00a0\u00bbinitial\u00a0\u00bb background_position=\u00a0\u00bbtop_left\u00a0\u00bb background_repeat=\u00a0\u00bbrepeat\u00a0\u00bb width=\u00a0\u00bb100%\u00a0\u00bb custom_padding=\u00a0\u00bb0px||0px||false|false\u00a0\u00bb global_colors_info=\u00a0\u00bb{}\u00a0\u00bb][et_pb_column type=\u00a0\u00bb4_4&Prime; _builder_version=\u00a0\u00bb4.16&Prime; custom_padding=\u00a0\u00bb|||\u00a0\u00bb global_colors_info=\u00a0\u00bb{}\u00a0\u00bb custom_padding__hover=\u00a0\u00bb|||\u00a0\u00bb][et_pb_wc_breadcrumb _builder_version=\u00a0\u00bb4.16&Prime; global_colors_info=\u00a0\u00bb{}\u00a0\u00bb][\/et_pb_wc_breadcrumb][et_pb_wc_cart_notice _builder_version=\u00a0\u00bb4.16&Prime; global_colors_info=\u00a0\u00bb{}\u00a0\u00bb][\/et_pb_wc_cart_notice][\/et_pb_column][\/et_pb_row][et_pb_row column_structure=\u00a0\u00bb1_2,1_2&Prime; _builder_version=\u00a0\u00bb4.16&Prime; background_size=\u00a0\u00bbinitial\u00a0\u00bb background_position=\u00a0\u00bbtop_left\u00a0\u00bb background_repeat=\u00a0\u00bbrepeat\u00a0\u00bb width=\u00a0\u00bb100%\u00a0\u00bb custom_padding=\u00a0\u00bb0px||||false|false\u00a0\u00bb global_colors_info=\u00a0\u00bb{}\u00a0\u00bb][et_pb_column type=\u00a0\u00bb1_2&Prime; _builder_version=\u00a0\u00bb4.16&Prime; custom_padding=\u00a0\u00bb|||\u00a0\u00bb global_colors_info=\u00a0\u00bb{}\u00a0\u00bb custom_padding__hover=\u00a0\u00bb|||\u00a0\u00bb][et_pb_wc_images _builder_version=\u00a0\u00bb4.19.5&Prime; global_colors_info=\u00a0\u00bb{}\u00a0\u00bb][\/et_pb_wc_images][\/et_pb_column][et_pb_column type=\u00a0\u00bb1_2&Prime; _builder_version=\u00a0\u00bb4.16&Prime; custom_padding=\u00a0\u00bb|||\u00a0\u00bb global_colors_info=\u00a0\u00bb{}\u00a0\u00bb custom_padding__hover=\u00a0\u00bb|||\u00a0\u00bb][et_pb_wc_title _builder_version=\u00a0\u00bb4.16&Prime; global_colors_info=\u00a0\u00bb{}\u00a0\u00bb][\/et_pb_wc_title][et_pb_wc_rating _builder_version=\u00a0\u00bb4.16&Prime; global_colors_info=\u00a0\u00bb{}\u00a0\u00bb][\/et_pb_wc_rating][et_pb_wc_price _builder_version=\u00a0\u00bb4.16&Prime; global_colors_info=\u00a0\u00bb{}\u00a0\u00bb][\/et_pb_wc_price][et_pb_wc_description _builder_version=\u00a0\u00bb4.19.5&Prime; body_text_color=\u00a0\u00bb#000000&Prime; global_colors_info=\u00a0\u00bb{}\u00a0\u00bb][\/et_pb_wc_description][et_pb_wc_add_to_cart _builder_version=\u00a0\u00bb4.16&Prime; global_colors_info=\u00a0\u00bb{}\u00a0\u00bb][\/et_pb_wc_add_to_cart][et_pb_image src=\u00a0\u00bbhttps:\/\/lifeahead.world\/wp-content\/uploads\/2023\/02\/LifeAhead-Charte-700-T-shirt-col-rond.png\u00a0\u00bb show_in_lightbox=\u00a0\u00bbon\u00a0\u00bb _builder_version=\u00a0\u00bb4.19.5&Prime; _module_preset=\u00a0\u00bbdefault\u00a0\u00bb global_colors_info=\u00a0\u00bb{}\u00a0\u00bb][\/et_pb_image][\/et_pb_column][\/et_pb_row][\/et_pb_section]<\/p>\n","protected":false},"excerpt":{"rendered":"<ul>\n<li class=\"translation-block\">Made from 95% certified bamboo rayon and 5% elastane<\/li>\n<li>No shoulder seams for added comfort, especially with a backpack<\/li>\n<li>LIFE AHEAD\u00ae golden signature<\/li>\n<li>Made in Canada<\/li>\n<\/ul>\n<p>* Dans une perspective d&rsquo;\u00e9coresponsabilit\u00e9, si votre v\u00eatement favori n&rsquo;est plus disponible en inventaire, n&rsquo;h\u00e9sitez pas \u00e0 nous <a href=\"mailto:info@lifeahead.world\">\u00e9crire<\/a> par courriel pour conna\u00eetre les d\u00e9lais de production et garantir la r\u00e9servation de votre chandail.<\/p>","protected":false},"featured_media":739,"comment_status":"closed","ping_status":"closed","template":"","meta":{"_et_pb_use_builder":"on","_et_pb_old_content":"","_et_gb_content_width":""},"product_brand":[],"product_cat":[15],"product_tag":[],"class_list":{"0":"post-706","1":"product","2":"type-product","3":"status-publish","4":"has-post-thumbnail","6":"product_cat-uncategorized","8":"first","9":"instock","10":"taxable","11":"shipping-taxable","12":"purchasable","13":"product-type-variable"},"yoast_head":"<!-- This site is optimized with the Yoast SEO plugin v27.5 - https:\/\/yoast.com\/product\/yoast-seo-wordpress\/ -->\n<title>T-SHIRT HOMME MANCHE NOIRE - Life Ahead<\/title>\n<meta name=\"robots\" content=\"index, follow, max-snippet:-1, max-image-preview:large, max-video-preview:-1\" \/>\n<link rel=\"canonical\" href=\"https:\/\/lifeahead.world\/en\/product\/t-shirt-homme-manche-noire\/\" \/>\n<meta property=\"og:locale\" content=\"en_US\" \/>\n<meta property=\"og:type\" content=\"article\" \/>\n<meta property=\"og:title\" content=\"T-SHIRT HOMME MANCHE NOIRE - Life Ahead\" \/>\n<meta property=\"og:description\" content=\"Fait \u00e0 95% de rayonne de bambou certifi\u00e9 et 5% d\u2019\u00e9lasthanne  Pas de coutures aux \u00e9paules pour un confort accru surtout avec un sac \u00e0 dos  Signature LIFE AHEAD\u00ae or  Fabriqu\u00e9 au Canada  * Dans une perspective d&#039;\u00e9coresponsabilit\u00e9, si votre v\u00eatement favori n&#039;est plus disponible en inventaire, n&#039;h\u00e9sitez pas \u00e0 nous \u00e9crire par courriel pour conna\u00eetre les d\u00e9lais de production et garantir la r\u00e9servation de votre chandail.\" \/>\n<meta property=\"og:url\" content=\"https:\/\/lifeahead.world\/en\/product\/t-shirt-homme-manche-noire\/\" \/>\n<meta property=\"og:site_name\" content=\"Life Ahead\" \/>\n<meta property=\"article:modified_time\" content=\"2025-11-14T14:50:33+00:00\" \/>\n<meta property=\"og:image\" content=\"https:\/\/lifeahead.world\/wp-content\/uploads\/2023\/10\/PHOTO-NATURE-WEB-HCN.jpg\" \/>\n\t<meta property=\"og:image:width\" content=\"1080\" \/>\n\t<meta property=\"og:image:height\" content=\"1080\" \/>\n\t<meta property=\"og:image:type\" content=\"image\/jpeg\" \/>\n<meta name=\"twitter:card\" content=\"summary_large_image\" \/>\n<meta name=\"twitter:label1\" content=\"Est. reading time\" \/>\n\t<meta name=\"twitter:data1\" content=\"2 minutes\" \/>\n<script type=\"application\/ld+json\" class=\"yoast-schema-graph\">{\"@context\":\"https:\\\/\\\/schema.org\",\"@graph\":[{\"@type\":\"WebPage\",\"@id\":\"https:\\\/\\\/lifeahead.world\\\/product\\\/t-shirt-homme-manche-noire\\\/\",\"url\":\"https:\\\/\\\/lifeahead.world\\\/product\\\/t-shirt-homme-manche-noire\\\/\",\"name\":\"T-SHIRT HOMME MANCHE NOIRE - Life Ahead\",\"isPartOf\":{\"@id\":\"https:\\\/\\\/lifeahead.world\\\/#website\"},\"primaryImageOfPage\":{\"@id\":\"https:\\\/\\\/lifeahead.world\\\/product\\\/t-shirt-homme-manche-noire\\\/#primaryimage\"},\"image\":{\"@id\":\"https:\\\/\\\/lifeahead.world\\\/product\\\/t-shirt-homme-manche-noire\\\/#primaryimage\"},\"thumbnailUrl\":\"https:\\\/\\\/lifeahead.world\\\/wp-content\\\/uploads\\\/2023\\\/10\\\/PHOTO-NATURE-WEB-HCN.jpg\",\"datePublished\":\"2023-10-19T19:13:14+00:00\",\"dateModified\":\"2025-11-14T14:50:33+00:00\",\"breadcrumb\":{\"@id\":\"https:\\\/\\\/lifeahead.world\\\/product\\\/t-shirt-homme-manche-noire\\\/#breadcrumb\"},\"inLanguage\":\"en-CA\",\"potentialAction\":[{\"@type\":\"ReadAction\",\"target\":[\"https:\\\/\\\/lifeahead.world\\\/product\\\/t-shirt-homme-manche-noire\\\/\"]}]},{\"@type\":\"ImageObject\",\"inLanguage\":\"en-CA\",\"@id\":\"https:\\\/\\\/lifeahead.world\\\/product\\\/t-shirt-homme-manche-noire\\\/#primaryimage\",\"url\":\"https:\\\/\\\/lifeahead.world\\\/wp-content\\\/uploads\\\/2023\\\/10\\\/PHOTO-NATURE-WEB-HCN.jpg\",\"contentUrl\":\"https:\\\/\\\/lifeahead.world\\\/wp-content\\\/uploads\\\/2023\\\/10\\\/PHOTO-NATURE-WEB-HCN.jpg\",\"width\":1080,\"height\":1080},{\"@type\":\"BreadcrumbList\",\"@id\":\"https:\\\/\\\/lifeahead.world\\\/product\\\/t-shirt-homme-manche-noire\\\/#breadcrumb\",\"itemListElement\":[{\"@type\":\"ListItem\",\"position\":1,\"name\":\"Home\",\"item\":\"https:\\\/\\\/lifeahead.world\\\/\"},{\"@type\":\"ListItem\",\"position\":2,\"name\":\"Boutique\",\"item\":\"https:\\\/\\\/lifeahead.world\\\/boutique\\\/\"},{\"@type\":\"ListItem\",\"position\":3,\"name\":\"T-SHIRT HOMME MANCHE NOIRE\"}]},{\"@type\":\"WebSite\",\"@id\":\"https:\\\/\\\/lifeahead.world\\\/#website\",\"url\":\"https:\\\/\\\/lifeahead.world\\\/\",\"name\":\"Life Ahead\",\"description\":\"S\u2019\u00c9QUIPER, SE D\u00c9PASSER. DEVENIR SOI-M\u00caME.\",\"potentialAction\":[{\"@type\":\"SearchAction\",\"target\":{\"@type\":\"EntryPoint\",\"urlTemplate\":\"https:\\\/\\\/lifeahead.world\\\/?s={search_term_string}\"},\"query-input\":{\"@type\":\"PropertyValueSpecification\",\"valueRequired\":true,\"valueName\":\"search_term_string\"}}],\"inLanguage\":\"en-CA\"}]}<\/script>\n<!-- \/ Yoast SEO plugin. -->","yoast_head_json":{"title":"T-SHIRT HOMME MANCHE NOIRE - Life Ahead","robots":{"index":"index","follow":"follow","max-snippet":"max-snippet:-1","max-image-preview":"max-image-preview:large","max-video-preview":"max-video-preview:-1"},"canonical":"https:\/\/lifeahead.world\/en\/product\/t-shirt-homme-manche-noire\/","og_locale":"en_US","og_type":"article","og_title":"T-SHIRT HOMME MANCHE NOIRE - Life Ahead","og_description":"Fait \u00e0 95% de rayonne de bambou certifi\u00e9 et 5% d\u2019\u00e9lasthanne  Pas de coutures aux \u00e9paules pour un confort accru surtout avec un sac \u00e0 dos  Signature LIFE AHEAD\u00ae or  Fabriqu\u00e9 au Canada  * Dans une perspective d'\u00e9coresponsabilit\u00e9, si votre v\u00eatement favori n'est plus disponible en inventaire, n'h\u00e9sitez pas \u00e0 nous \u00e9crire par courriel pour conna\u00eetre les d\u00e9lais de production et garantir la r\u00e9servation de votre chandail.","og_url":"https:\/\/lifeahead.world\/en\/product\/t-shirt-homme-manche-noire\/","og_site_name":"Life Ahead","article_modified_time":"2025-11-14T14:50:33+00:00","og_image":[{"width":1080,"height":1080,"url":"https:\/\/lifeahead.world\/wp-content\/uploads\/2023\/10\/PHOTO-NATURE-WEB-HCN.jpg","type":"image\/jpeg"}],"twitter_card":"summary_large_image","twitter_misc":{"Est. reading time":"2 minutes"},"schema":{"@context":"https:\/\/schema.org","@graph":[{"@type":"WebPage","@id":"https:\/\/lifeahead.world\/product\/t-shirt-homme-manche-noire\/","url":"https:\/\/lifeahead.world\/product\/t-shirt-homme-manche-noire\/","name":"T-SHIRT HOMME MANCHE NOIRE - Life Ahead","isPartOf":{"@id":"https:\/\/lifeahead.world\/#website"},"primaryImageOfPage":{"@id":"https:\/\/lifeahead.world\/product\/t-shirt-homme-manche-noire\/#primaryimage"},"image":{"@id":"https:\/\/lifeahead.world\/product\/t-shirt-homme-manche-noire\/#primaryimage"},"thumbnailUrl":"https:\/\/lifeahead.world\/wp-content\/uploads\/2023\/10\/PHOTO-NATURE-WEB-HCN.jpg","datePublished":"2023-10-19T19:13:14+00:00","dateModified":"2025-11-14T14:50:33+00:00","breadcrumb":{"@id":"https:\/\/lifeahead.world\/product\/t-shirt-homme-manche-noire\/#breadcrumb"},"inLanguage":"en-CA","potentialAction":[{"@type":"ReadAction","target":["https:\/\/lifeahead.world\/product\/t-shirt-homme-manche-noire\/"]}]},{"@type":"ImageObject","inLanguage":"en-CA","@id":"https:\/\/lifeahead.world\/product\/t-shirt-homme-manche-noire\/#primaryimage","url":"https:\/\/lifeahead.world\/wp-content\/uploads\/2023\/10\/PHOTO-NATURE-WEB-HCN.jpg","contentUrl":"https:\/\/lifeahead.world\/wp-content\/uploads\/2023\/10\/PHOTO-NATURE-WEB-HCN.jpg","width":1080,"height":1080},{"@type":"BreadcrumbList","@id":"https:\/\/lifeahead.world\/product\/t-shirt-homme-manche-noire\/#breadcrumb","itemListElement":[{"@type":"ListItem","position":1,"name":"Home","item":"https:\/\/lifeahead.world\/"},{"@type":"ListItem","position":2,"name":"Boutique","item":"https:\/\/lifeahead.world\/boutique\/"},{"@type":"ListItem","position":3,"name":"T-SHIRT HOMME MANCHE NOIRE"}]},{"@type":"WebSite","@id":"https:\/\/lifeahead.world\/#website","url":"https:\/\/lifeahead.world\/","name":"Life Ahead","description":"S\u2019\u00c9QUIPER, SE D\u00c9PASSER. DEVENIR SOI-M\u00caME.","potentialAction":[{"@type":"SearchAction","target":{"@type":"EntryPoint","urlTemplate":"https:\/\/lifeahead.world\/?s={search_term_string}"},"query-input":{"@type":"PropertyValueSpecification","valueRequired":true,"valueName":"search_term_string"}}],"inLanguage":"en-CA"}]}},"_links":{"self":[{"href":"https:\/\/lifeahead.world\/en\/wp-json\/wp\/v2\/product\/706","targetHints":{"allow":["GET"]}}],"collection":[{"href":"https:\/\/lifeahead.world\/en\/wp-json\/wp\/v2\/product"}],"about":[{"href":"https:\/\/lifeahead.world\/en\/wp-json\/wp\/v2\/types\/product"}],"replies":[{"embeddable":true,"href":"https:\/\/lifeahead.world\/en\/wp-json\/wp\/v2\/comments?post=706"}],"wp:featuredmedia":[{"embeddable":true,"href":"https:\/\/lifeahead.world\/en\/wp-json\/wp\/v2\/media\/739"}],"wp:attachment":[{"href":"https:\/\/lifeahead.world\/en\/wp-json\/wp\/v2\/media?parent=706"}],"wp:term":[{"taxonomy":"product_brand","embeddable":true,"href":"https:\/\/lifeahead.world\/en\/wp-json\/wp\/v2\/product_brand?post=706"},{"taxonomy":"product_cat","embeddable":true,"href":"https:\/\/lifeahead.world\/en\/wp-json\/wp\/v2\/product_cat?post=706"},{"taxonomy":"product_tag","embeddable":true,"href":"https:\/\/lifeahead.world\/en\/wp-json\/wp\/v2\/product_tag?post=706"}],"curies":[{"name":"wp","href":"https:\/\/api.w.org\/{rel}","templated":true}]}}